{"id":214,"date":"2023-02-27T13:12:11","date_gmt":"2023-02-27T12:12:11","guid":{"rendered":"https:\/\/www.alex-cavallaro-equilogic.com\/it\/?page_id=214"},"modified":"2023-03-04T11:48:39","modified_gmt":"2023-03-04T10:48:39","slug":"corsi-coachings","status":"publish","type":"page","link":"https:\/\/www.alex-cavallaro-equilogic.com\/it\/corsi-coachings\/","title":{"rendered":"Corsi &#038; Coachings"},"content":{"rendered":"\t\t<div data-elementor-type=\"wp-page\" data-elementor-id=\"214\" class=\"elementor elementor-214\">\n\t\t\t\t\t\t<section class=\"elementor-section elementor-top-section elementor-element elementor-element-6f4c9a1d elementor-section-boxed elementor-section-height-default elementor-section-height-default\" data-id=\"6f4c9a1d\" data-element_type=\"section\">\n\t\t\t\t\t\t<div class=\"elementor-container elementor-column-gap-default\">\n\t\t\t\t\t<div class=\"elementor-column elementor-col-100 elementor-top-column elementor-element elementor-element-76d40727\" data-id=\"76d40727\" data-element_type=\"column\">\n\t\t\t<div class=\"elementor-widget-wrap elementor-element-populated\">\n\t\t\t\t\t\t<div class=\"elementor-element elementor-element-28377079 elementor-widget elementor-widget-heading\" data-id=\"28377079\" data-element_type=\"widget\" data-widget_type=\"heading.default\">\n\t\t\t\t<div class=\"elementor-widget-container\">\n\t\t\t\t\t<h2 class=\"elementor-heading-title elementor-size-large\">Corsi &amp; Coachings<\/h2>\t\t\t\t<\/div>\n\t\t\t\t<\/div>\n\t\t\t\t<div class=\"elementor-element elementor-element-2e80d604 elementor-widget elementor-widget-text-editor\" data-id=\"2e80d604\" data-element_type=\"widget\" data-widget_type=\"text-editor.default\">\n\t\t\t\t<div class=\"elementor-widget-container\">\n\t\t\t\t\t\t\t\t\t<p><em>Regione: Italia nord (Veneto, Lombardia, Alto Adige, Trentino) &#8211; Austria &#8211; Svizzera &#8211; Germania sud<\/em><\/p><p><em>\u201cHo creato le offerte per i miei corsi tendendo conto del mio proprio modo di addestrare cavalli e insegnare cavalieri. \u00c8 fondamentale lavorare con calma in tutta serenit\u00e0 e senza costrizioni per essere \u201ca cavallo efficace e competente.\u201d<\/em><\/p><p><strong><em>Cosa significa insegnare per essere a cavallo efficace e competente?<\/em><\/strong><\/p><ul><li>potersi concentrare sulle cose positive che gi\u00e0 funzionano<\/li><li>avere la capacit\u00e0 di riconoscere le proprie potenzialit\u00e0 ma anche i propri limiti<\/li><li>sapersi prendere e dare del tempo<\/li><li>saper ricompensare e dare delle pause<\/li><li>riconoscere in modo positivo anche i pi\u00f9 \u00a0piccoli miglioramenti<\/li><li>formulare obiettivi e raggiungerli<\/li><li>lavorare con reciproco rispetto<\/li><li>creare un clima di lavoro positivo<\/li><li>aver voglia di imparare e di mettersi in discussione<\/li><li>conoscere le tecniche che consentono di sapere cosa fare come e quando<\/li><\/ul><p><strong><u>Lezioni di equitazione: pratica e teoria<\/u><\/strong><\/p><p>Decontrazione, equilibrio e l\u00b4utilizzo corretto degli aiuti sono la base per un addestramento corretto ed un equitazione armoniosa.<\/p><ul><li>lavoro in piano (sulla base dell\u2019\u00c9cole de L\u00e9g\u00e8ret\u00e9 &#8211; Scuola della Leggerezza)<\/li><li>lavoro su salto ostacoli (inclusa preparazione e ginnastica)<\/li><li>equitazione e ginnastica a terra sulla mano<\/li><li>problematiche specifiche: analisi e soluzioni &#8211; primo incontro in campo o per video<\/li><\/ul><ul><li style=\"list-style-type: none;\">\u00a0<\/li><\/ul>\t\t\t\t\t\t\t\t<\/div>\n\t\t\t\t<\/div>\n\t\t\t\t\t<\/div>\n\t\t<\/div>\n\t\t\t\t\t<\/div>\n\t\t<\/section>\n\t\t\t\t<section class=\"elementor-section elementor-top-section elementor-element elementor-element-1a1f292c elementor-section-boxed elementor-section-height-default elementor-section-height-default\" data-id=\"1a1f292c\" data-element_type=\"section\" data-settings=\"{&quot;background_background&quot;:&quot;classic&quot;}\">\n\t\t\t\t\t\t\t<div class=\"elementor-background-overlay\"><\/div>\n\t\t\t\t\t\t\t<div class=\"elementor-container elementor-column-gap-default\">\n\t\t\t\t\t<div class=\"elementor-column elementor-col-50 elementor-top-column elementor-element elementor-element-ba60e92\" data-id=\"ba60e92\" data-element_type=\"column\" data-settings=\"{&quot;background_background&quot;:&quot;classic&quot;}\">\n\t\t\t<div class=\"elementor-widget-wrap elementor-element-populated\">\n\t\t\t\t\t\t<div class=\"elementor-element elementor-element-5df1d4b4 elementor-widget elementor-widget-heading\" data-id=\"5df1d4b4\" data-element_type=\"widget\" data-widget_type=\"heading.default\">\n\t\t\t\t<div class=\"elementor-widget-container\">\n\t\t\t\t\t<h2 class=\"elementor-heading-title elementor-size-default\">Corsi 1<\/h2>\t\t\t\t<\/div>\n\t\t\t\t<\/div>\n\t\t\t\t<div class=\"elementor-element elementor-element-a4cf1e8 elementor-widget elementor-widget-image\" data-id=\"a4cf1e8\" data-element_type=\"widget\" data-widget_type=\"image.default\">\n\t\t\t\t<div class=\"elementor-widget-container\">\n\t\t\t\t\t\t\t\t\t\t\t\t\t\t\t<img fetchpriority=\"high\" decoding=\"async\" width=\"300\" height=\"200\" src=\"https:\/\/www.alex-cavallaro-equilogic.com\/it\/wp-content\/uploads\/sites\/2\/2023\/02\/XT2A5283-bea-1-300x200.jpeg\" class=\"attachment-medium size-medium wp-image-82\" alt=\"\" srcset=\"https:\/\/www.alex-cavallaro-equilogic.com\/it\/wp-content\/uploads\/sites\/2\/2023\/02\/XT2A5283-bea-1-300x200.jpeg 300w, https:\/\/www.alex-cavallaro-equilogic.com\/it\/wp-content\/uploads\/sites\/2\/2023\/02\/XT2A5283-bea-1-768x512.jpeg 768w, https:\/\/www.alex-cavallaro-equilogic.com\/it\/wp-content\/uploads\/sites\/2\/2023\/02\/XT2A5283-bea-1.jpeg 1000w\" sizes=\"(max-width: 300px) 100vw, 300px\" \/>\t\t\t\t\t\t\t\t\t\t\t\t\t\t\t<\/div>\n\t\t\t\t<\/div>\n\t\t\t\t<div class=\"elementor-element elementor-element-397ef197 elementor-widget elementor-widget-text-editor\" data-id=\"397ef197\" data-element_type=\"widget\" data-widget_type=\"text-editor.default\">\n\t\t\t\t<div class=\"elementor-widget-container\">\n\t\t\t\t\t\t\t\t\t<p><em>Dressage &#8211; salto ostacoli &#8211; lavoro da terra &#8211; soluzioni &amp; correzioni<\/em><\/p><p>I corsi includono:<\/p><ul><li>una lezione privata al giorno, 50 minuti<\/li><li>una lezione in gruppo, lavoro da terra e ginnastica alla mano, 60 minuti<\/li><li>una lezione teorica con tema a scelta o complementare al lavoro svolto<\/li><li>discussione di fine corso, feedback ed analisi del lavoro svolto<\/li><\/ul><p><strong>Euro 700 al giorno (suddiviso per il numero dei partecipanti)<\/strong><\/p><p>(extra spese di viaggio, vitto e alloggio)<\/p><ul><li><em>Su richiesta, saremo lieti di rilasciare un diploma di partecipazione ai rispettivi corsi!<\/em><\/li><\/ul><p><strong><u>Corso di base per neofiti<\/u><\/strong><\/p><p>Questo corso \u00e8 indicato per persone che non hanno esperienza con il programma dei corsi \u201cEQUILOGIC\u201d. Si tratta di un corso di base, che trasmette i principi di base della \u201cl\u00e9g\u00e8ret\u00e9\u201d nel lavoro con il cavallo alle longe, a terra e montato.<\/p><p><strong><u>Corso per progrediti e neofiti (corsi misti)<\/u><\/strong><\/p><p>Questo corso si rivolge a persone che hanno gi\u00e0 esperienza equestre ma vogliono conoscere \u201cEQUILOGIC\u201d per arricchire le proprie conoscenze e migliorare le capacit\u00e0 di addestramento. I contenuti si adattano all\u2019esperienza e alle capacit\u00e0 di ogni singolo partecipante.<br \/><br \/><strong><u>Corso per progrediti &#8211; dressage e salto ostacoli<\/u><\/strong><\/p><p>Questo corso si rivolge a persone che hanno gi\u00e0 esperienza con il programma dei corsi \u201cEQUILOGIC\u201d e sono intenzionate ad allargare le proprie conoscenze di addestramento in \u201cl\u00e9g\u00e9ret\u00e9\u201d al salto ostacoli. I contenuti si adattano all\u2019esperienza e alle capacit\u00e0 di ogni singolo partecipante.<\/p>\t\t\t\t\t\t\t\t<\/div>\n\t\t\t\t<\/div>\n\t\t\t\t\t<\/div>\n\t\t<\/div>\n\t\t\t\t<div class=\"elementor-column elementor-col-50 elementor-top-column elementor-element elementor-element-64da9387\" data-id=\"64da9387\" data-element_type=\"column\" data-settings=\"{&quot;background_background&quot;:&quot;classic&quot;}\">\n\t\t\t<div class=\"elementor-widget-wrap elementor-element-populated\">\n\t\t\t\t\t\t<div class=\"elementor-element elementor-element-57c8d288 elementor-widget elementor-widget-heading\" data-id=\"57c8d288\" data-element_type=\"widget\" data-widget_type=\"heading.default\">\n\t\t\t\t<div class=\"elementor-widget-container\">\n\t\t\t\t\t<h2 class=\"elementor-heading-title elementor-size-default\">Corsi 2<\/h2>\t\t\t\t<\/div>\n\t\t\t\t<\/div>\n\t\t\t\t<div class=\"elementor-element elementor-element-8f76fc5 elementor-widget elementor-widget-image\" data-id=\"8f76fc5\" data-element_type=\"widget\" data-widget_type=\"image.default\">\n\t\t\t\t<div class=\"elementor-widget-container\">\n\t\t\t\t\t\t\t\t\t\t\t\t\t\t\t<img decoding=\"async\" width=\"300\" height=\"200\" src=\"https:\/\/www.alex-cavallaro-equilogic.com\/it\/wp-content\/uploads\/sites\/2\/2023\/02\/DSF7957-1-300x200.jpeg\" class=\"attachment-medium size-medium wp-image-207\" alt=\"\" srcset=\"https:\/\/www.alex-cavallaro-equilogic.com\/it\/wp-content\/uploads\/sites\/2\/2023\/02\/DSF7957-1-300x200.jpeg 300w, https:\/\/www.alex-cavallaro-equilogic.com\/it\/wp-content\/uploads\/sites\/2\/2023\/02\/DSF7957-1-768x512.jpeg 768w, https:\/\/www.alex-cavallaro-equilogic.com\/it\/wp-content\/uploads\/sites\/2\/2023\/02\/DSF7957-1.jpeg 1000w\" sizes=\"(max-width: 300px) 100vw, 300px\" \/>\t\t\t\t\t\t\t\t\t\t\t\t\t\t\t<\/div>\n\t\t\t\t<\/div>\n\t\t\t\t<div class=\"elementor-element elementor-element-1f131efa elementor-widget elementor-widget-text-editor\" data-id=\"1f131efa\" data-element_type=\"widget\" data-widget_type=\"text-editor.default\">\n\t\t\t\t<div class=\"elementor-widget-container\">\n\t\t\t\t\t\t\t\t\t<p>LEZIONI INDIVIDUALI<br \/><u><\/u><\/p><p><em>Dressage &#8211; salto ostacoli &#8211; lavoro da terra &#8211; soluzioni &amp; correzioni<\/em><\/p><p><strong>Individuale &amp; mobile<\/strong><\/p><p>Le lezioni si tengono in forma privata e si adattano sia alle esperienze del cavaliere che alle esigenze del cavallo. I temi centrali e le priorit\u00e0 possono essere concordati e programmati in collaborazione.<\/p><p><strong>Lezioni individuali &#8211; 60 minuti &#8211; \u20ac <\/strong>prezzo da convenirci<\/p><p>(extra spese di viaggio ed eventuali spese di vitto e alloggio)<\/p>\t\t\t\t\t\t\t\t<\/div>\n\t\t\t\t<\/div>\n\t\t\t\t\t<\/div>\n\t\t<\/div>\n\t\t\t\t\t<\/div>\n\t\t<\/section>\n\t\t\t\t<section class=\"elementor-section elementor-top-section elementor-element elementor-element-379c83d1 elementor-section-boxed elementor-section-height-default elementor-section-height-default\" data-id=\"379c83d1\" data-element_type=\"section\">\n\t\t\t\t\t\t<div class=\"elementor-container elementor-column-gap-default\">\n\t\t\t\t\t<div class=\"elementor-column elementor-col-50 elementor-top-column elementor-element elementor-element-17c211e\" data-id=\"17c211e\" data-element_type=\"column\" data-settings=\"{&quot;background_background&quot;:&quot;classic&quot;}\">\n\t\t\t<div class=\"elementor-widget-wrap elementor-element-populated\">\n\t\t\t\t\t\t<div class=\"elementor-element elementor-element-57865c45 elementor-widget elementor-widget-heading\" data-id=\"57865c45\" data-element_type=\"widget\" data-widget_type=\"heading.default\">\n\t\t\t\t<div class=\"elementor-widget-container\">\n\t\t\t\t\t<h2 class=\"elementor-heading-title elementor-size-default\">Corsi 3<\/h2>\t\t\t\t<\/div>\n\t\t\t\t<\/div>\n\t\t\t\t<div class=\"elementor-element elementor-element-558c711b elementor-widget elementor-widget-image\" data-id=\"558c711b\" data-element_type=\"widget\" data-widget_type=\"image.default\">\n\t\t\t\t<div class=\"elementor-widget-container\">\n\t\t\t\t\t\t\t\t\t\t\t\t\t\t\t<img decoding=\"async\" width=\"300\" height=\"200\" src=\"https:\/\/www.alex-cavallaro-equilogic.com\/it\/wp-content\/uploads\/sites\/2\/2023\/02\/XT2A4747-1-300x200.jpeg\" class=\"attachment-medium size-medium wp-image-108\" alt=\"\" srcset=\"https:\/\/www.alex-cavallaro-equilogic.com\/it\/wp-content\/uploads\/sites\/2\/2023\/02\/XT2A4747-1-300x200.jpeg 300w, https:\/\/www.alex-cavallaro-equilogic.com\/it\/wp-content\/uploads\/sites\/2\/2023\/02\/XT2A4747-1-768x512.jpeg 768w, https:\/\/www.alex-cavallaro-equilogic.com\/it\/wp-content\/uploads\/sites\/2\/2023\/02\/XT2A4747-1.jpeg 1000w\" sizes=\"(max-width: 300px) 100vw, 300px\" \/>\t\t\t\t\t\t\t\t\t\t\t\t\t\t\t<\/div>\n\t\t\t\t<\/div>\n\t\t\t\t<div class=\"elementor-element elementor-element-27735070 elementor-widget elementor-widget-text-editor\" data-id=\"27735070\" data-element_type=\"widget\" data-widget_type=\"text-editor.default\">\n\t\t\t\t<div class=\"elementor-widget-container\">\n\t\t\t\t\t\t\t\t\t<p><b><span lang=\"IT\" style=\"font-family: 'Calibri',sans-serif;\">ONLINE &#8211; ANALISI VIDEO<\/span><\/b><\/p><p><em>Dressage &#8211; salto ostacoli &#8211; lavoro da terra &#8211; soluzioni &amp; correzioni<\/em><\/p><p><strong>Online coaching<\/strong><\/p><p>Su prenotazione &#8211; zoom meeting &#8211; video whatsapp o wetransfer<\/p><p><strong>Sedute di 60 minuti &#8211; analisi video e discussione (video mass. 10 minuti)<\/strong><\/p><p><strong>\u20ac 100.-<\/strong><\/p>\t\t\t\t\t\t\t\t<\/div>\n\t\t\t\t<\/div>\n\t\t\t\t\t<\/div>\n\t\t<\/div>\n\t\t\t\t<div class=\"elementor-column elementor-col-50 elementor-top-column elementor-element elementor-element-257bee93\" data-id=\"257bee93\" data-element_type=\"column\" data-settings=\"{&quot;background_background&quot;:&quot;classic&quot;}\">\n\t\t\t<div class=\"elementor-widget-wrap elementor-element-populated\">\n\t\t\t\t\t\t<div class=\"elementor-element elementor-element-32e87383 elementor-widget elementor-widget-heading\" data-id=\"32e87383\" data-element_type=\"widget\" data-widget_type=\"heading.default\">\n\t\t\t\t<div class=\"elementor-widget-container\">\n\t\t\t\t\t<h2 class=\"elementor-heading-title elementor-size-default\">Corsi 4<\/h2>\t\t\t\t<\/div>\n\t\t\t\t<\/div>\n\t\t\t\t<div class=\"elementor-element elementor-element-f95a2af elementor-widget elementor-widget-image\" data-id=\"f95a2af\" data-element_type=\"widget\" data-widget_type=\"image.default\">\n\t\t\t\t<div class=\"elementor-widget-container\">\n\t\t\t\t\t\t\t\t\t\t\t\t\t\t\t<img loading=\"lazy\" decoding=\"async\" width=\"300\" height=\"200\" src=\"https:\/\/www.alex-cavallaro-equilogic.com\/it\/wp-content\/uploads\/sites\/2\/2023\/02\/DSF7838-1-300x200.jpeg\" class=\"attachment-medium size-medium wp-image-111\" alt=\"\" srcset=\"https:\/\/www.alex-cavallaro-equilogic.com\/it\/wp-content\/uploads\/sites\/2\/2023\/02\/DSF7838-1-300x200.jpeg 300w, https:\/\/www.alex-cavallaro-equilogic.com\/it\/wp-content\/uploads\/sites\/2\/2023\/02\/DSF7838-1-768x512.jpeg 768w, https:\/\/www.alex-cavallaro-equilogic.com\/it\/wp-content\/uploads\/sites\/2\/2023\/02\/DSF7838-1.jpeg 1000w\" sizes=\"(max-width: 300px) 100vw, 300px\" \/>\t\t\t\t\t\t\t\t\t\t\t\t\t\t\t<\/div>\n\t\t\t\t<\/div>\n\t\t\t\t<div class=\"elementor-element elementor-element-7469b73 elementor-widget elementor-widget-text-editor\" data-id=\"7469b73\" data-element_type=\"widget\" data-widget_type=\"text-editor.default\">\n\t\t\t\t<div class=\"elementor-widget-container\">\n\t\t\t\t\t\t\t\t\t<p class=\"CorpoA\" style=\"text-align: justify;\"><span lang=\"IT\" style=\"font-family: 'Calibri',sans-serif;\">EFFETTI SINERGICI<\/span><\/p><p><strong>Equilogic &amp; Raidho<\/strong><\/p><p><strong>Alex Cavallaro &amp; Equilogic <\/strong>in collaborazione con <strong>Alexandra Rieger &amp; Raidho<\/strong><\/p><p>Alexandra Rieger \u00e8 fondatrice di Raidho e promuove dal 1995 la sua scuola di coaching.<\/p><p><em>\u201cEquitazione classica in modo efficace e competente si unisce alla scuola di coaching con il cavallo. Il risultato; una sinergia armoniosa fra uomo e cavallo.\u201d<\/em><\/p><p><span lang=\"IT\" style=\"font-family: 'Calibri',sans-serif;\">Per informazioni: <\/span><span lang=\"IT\"><a href=\"http:\/\/www.raidhohealinghorses.com\" target=\"_blank\" rel=\"noopener\"><span class=\"Hyperlink0\"><b><span style=\"font-family: 'Calibri',sans-serif;\">www.raidhohealinghorses.com<\/span><\/b><\/span><\/a><\/span><\/p>\t\t\t\t\t\t\t\t<\/div>\n\t\t\t\t<\/div>\n\t\t\t\t\t<\/div>\n\t\t<\/div>\n\t\t\t\t\t<\/div>\n\t\t<\/section>\n\t\t\t\t<\/div>\n\t\t","protected":false},"excerpt":{"rendered":"<p>Corsi &#038; Coachings Regione: Italia nord (Veneto, Lombardia, Alto Adige, Trentino) &#8211; Austria &#8211; Svizzera &#8211; Germania sud \u201cHo creato le offerte per i miei corsi tendendo conto del mio proprio modo di addestrare cavalli e insegnare cavalieri. \u00c8 fondamentale lavorare con calma in tutta serenit\u00e0 e senza costrizioni per essere \u201ca cavallo efficace e [&hellip;]<\/p>\n","protected":false},"author":1,"featured_media":0,"parent":0,"menu_order":0,"comment_status":"closed","ping_status":"closed","template":"","meta":{"footnotes":""},"yoast_head":"<!-- This site is optimized with the Yoast SEO plugin v23.4 - https:\/\/yoast.com\/wordpress\/plugins\/seo\/ -->\n<title>Corsi &amp; Coachings - Alex Cavallaro - IT<\/title>\n<meta name=\"description\" content=\"Qui troverai informazioni sui corsi offerti dall&#039;istruttore di equitazione Alex Cavallaro\" \/>\n<meta name=\"robots\" content=\"index, follow, max-snippet:-1, max-image-preview:large, max-video-preview:-1\" \/>\n<link rel=\"canonical\" href=\"https:\/\/www.alex-cavallaro-equilogic.com\/it\/corsi-coachings\/\" \/>\n<meta property=\"og:locale\" content=\"de_DE\" \/>\n<meta property=\"og:type\" content=\"article\" \/>\n<meta property=\"og:title\" content=\"Corsi &amp; Coachings - Alex Cavallaro - IT\" \/>\n<meta property=\"og:description\" content=\"Qui troverai informazioni sui corsi offerti dall&#039;istruttore di equitazione Alex Cavallaro\" \/>\n<meta property=\"og:url\" content=\"https:\/\/www.alex-cavallaro-equilogic.com\/it\/corsi-coachings\/\" \/>\n<meta property=\"og:site_name\" content=\"Alex Cavallaro - IT\" \/>\n<meta property=\"article:publisher\" content=\"https:\/\/www.facebook.com\/profile.php?id=100012309129337\" \/>\n<meta property=\"article:modified_time\" content=\"2023-03-04T10:48:39+00:00\" \/>\n<meta property=\"og:image\" content=\"http:\/\/www.alex-cavallaro-equilogic.com\/it\/wp-content\/uploads\/sites\/2\/2023\/02\/XT2A5283-bea-1-300x200.jpeg\" \/>\n<meta name=\"twitter:card\" content=\"summary_large_image\" \/>\n<meta name=\"twitter:label1\" content=\"Gesch\u00e4tzte Lesezeit\" \/>\n\t<meta name=\"twitter:data1\" content=\"5\u00a0Minuten\" \/>\n<script type=\"application\/ld+json\" class=\"yoast-schema-graph\">{\"@context\":\"https:\/\/schema.org\",\"@graph\":[{\"@type\":\"WebPage\",\"@id\":\"https:\/\/www.alex-cavallaro-equilogic.com\/it\/corsi-coachings\/\",\"url\":\"https:\/\/www.alex-cavallaro-equilogic.com\/it\/corsi-coachings\/\",\"name\":\"Corsi & Coachings - Alex Cavallaro - IT\",\"isPartOf\":{\"@id\":\"https:\/\/www.alex-cavallaro-equilogic.com\/it\/#website\"},\"primaryImageOfPage\":{\"@id\":\"https:\/\/www.alex-cavallaro-equilogic.com\/it\/corsi-coachings\/#primaryimage\"},\"image\":{\"@id\":\"https:\/\/www.alex-cavallaro-equilogic.com\/it\/corsi-coachings\/#primaryimage\"},\"thumbnailUrl\":\"http:\/\/www.alex-cavallaro-equilogic.com\/it\/wp-content\/uploads\/sites\/2\/2023\/02\/XT2A5283-bea-1-300x200.jpeg\",\"datePublished\":\"2023-02-27T12:12:11+00:00\",\"dateModified\":\"2023-03-04T10:48:39+00:00\",\"description\":\"Qui troverai informazioni sui corsi offerti dall'istruttore di equitazione Alex Cavallaro\",\"breadcrumb\":{\"@id\":\"https:\/\/www.alex-cavallaro-equilogic.com\/it\/corsi-coachings\/#breadcrumb\"},\"inLanguage\":\"de\",\"potentialAction\":[{\"@type\":\"ReadAction\",\"target\":[\"https:\/\/www.alex-cavallaro-equilogic.com\/it\/corsi-coachings\/\"]}]},{\"@type\":\"ImageObject\",\"inLanguage\":\"de\",\"@id\":\"https:\/\/www.alex-cavallaro-equilogic.com\/it\/corsi-coachings\/#primaryimage\",\"url\":\"http:\/\/www.alex-cavallaro-equilogic.com\/it\/wp-content\/uploads\/sites\/2\/2023\/02\/XT2A5283-bea-1-300x200.jpeg\",\"contentUrl\":\"http:\/\/www.alex-cavallaro-equilogic.com\/it\/wp-content\/uploads\/sites\/2\/2023\/02\/XT2A5283-bea-1-300x200.jpeg\"},{\"@type\":\"BreadcrumbList\",\"@id\":\"https:\/\/www.alex-cavallaro-equilogic.com\/it\/corsi-coachings\/#breadcrumb\",\"itemListElement\":[{\"@type\":\"ListItem\",\"position\":1,\"name\":\"Startseite\",\"item\":\"https:\/\/www.alex-cavallaro-equilogic.com\/it\/\"},{\"@type\":\"ListItem\",\"position\":2,\"name\":\"Corsi &#038; Coachings\"}]},{\"@type\":\"WebSite\",\"@id\":\"https:\/\/www.alex-cavallaro-equilogic.com\/it\/#website\",\"url\":\"https:\/\/www.alex-cavallaro-equilogic.com\/it\/\",\"name\":\"Alex Cavallaro - IT\",\"description\":\"\",\"publisher\":{\"@id\":\"https:\/\/www.alex-cavallaro-equilogic.com\/it\/#\/schema\/person\/e0b9f953a08b84b8e6e6b843e697b975\"},\"potentialAction\":[{\"@type\":\"SearchAction\",\"target\":{\"@type\":\"EntryPoint\",\"urlTemplate\":\"https:\/\/www.alex-cavallaro-equilogic.com\/it\/?s={search_term_string}\"},\"query-input\":{\"@type\":\"PropertyValueSpecification\",\"valueRequired\":true,\"valueName\":\"search_term_string\"}}],\"inLanguage\":\"de\"},{\"@type\":[\"Person\",\"Organization\"],\"@id\":\"https:\/\/www.alex-cavallaro-equilogic.com\/it\/#\/schema\/person\/e0b9f953a08b84b8e6e6b843e697b975\",\"name\":\"andrea\",\"image\":{\"@type\":\"ImageObject\",\"inLanguage\":\"de\",\"@id\":\"https:\/\/www.alex-cavallaro-equilogic.com\/it\/#\/schema\/person\/image\/\",\"url\":\"https:\/\/www.alex-cavallaro-equilogic.com\/it\/wp-content\/uploads\/sites\/2\/2022\/11\/cropped-Alex-Logo-Fragezeichen6-neu.png\",\"contentUrl\":\"https:\/\/www.alex-cavallaro-equilogic.com\/it\/wp-content\/uploads\/sites\/2\/2022\/11\/cropped-Alex-Logo-Fragezeichen6-neu.png\",\"width\":1794,\"height\":1794,\"caption\":\"andrea\"},\"logo\":{\"@id\":\"https:\/\/www.alex-cavallaro-equilogic.com\/it\/#\/schema\/person\/image\/\"},\"sameAs\":[\"http:\/\/www.alex-cavallaro-equilogic.com\",\"https:\/\/www.facebook.com\/profile.php?id=100012309129337\",\"https:\/\/www.instagram.com\/alex_cavallaro_1965\/\"]}]}<\/script>\n<!-- \/ Yoast SEO plugin. -->","yoast_head_json":{"title":"Corsi & Coachings - Alex Cavallaro - IT","description":"Qui troverai informazioni sui corsi offerti dall'istruttore di equitazione Alex Cavallaro","robots":{"index":"index","follow":"follow","max-snippet":"max-snippet:-1","max-image-preview":"max-image-preview:large","max-video-preview":"max-video-preview:-1"},"canonical":"https:\/\/www.alex-cavallaro-equilogic.com\/it\/corsi-coachings\/","og_locale":"de_DE","og_type":"article","og_title":"Corsi & Coachings - Alex Cavallaro - IT","og_description":"Qui troverai informazioni sui corsi offerti dall'istruttore di equitazione Alex Cavallaro","og_url":"https:\/\/www.alex-cavallaro-equilogic.com\/it\/corsi-coachings\/","og_site_name":"Alex Cavallaro - IT","article_publisher":"https:\/\/www.facebook.com\/profile.php?id=100012309129337","article_modified_time":"2023-03-04T10:48:39+00:00","og_image":[{"url":"http:\/\/www.alex-cavallaro-equilogic.com\/it\/wp-content\/uploads\/sites\/2\/2023\/02\/XT2A5283-bea-1-300x200.jpeg"}],"twitter_card":"summary_large_image","twitter_misc":{"Gesch\u00e4tzte Lesezeit":"5\u00a0Minuten"},"schema":{"@context":"https:\/\/schema.org","@graph":[{"@type":"WebPage","@id":"https:\/\/www.alex-cavallaro-equilogic.com\/it\/corsi-coachings\/","url":"https:\/\/www.alex-cavallaro-equilogic.com\/it\/corsi-coachings\/","name":"Corsi & Coachings - Alex Cavallaro - IT","isPartOf":{"@id":"https:\/\/www.alex-cavallaro-equilogic.com\/it\/#website"},"primaryImageOfPage":{"@id":"https:\/\/www.alex-cavallaro-equilogic.com\/it\/corsi-coachings\/#primaryimage"},"image":{"@id":"https:\/\/www.alex-cavallaro-equilogic.com\/it\/corsi-coachings\/#primaryimage"},"thumbnailUrl":"http:\/\/www.alex-cavallaro-equilogic.com\/it\/wp-content\/uploads\/sites\/2\/2023\/02\/XT2A5283-bea-1-300x200.jpeg","datePublished":"2023-02-27T12:12:11+00:00","dateModified":"2023-03-04T10:48:39+00:00","description":"Qui troverai informazioni sui corsi offerti dall'istruttore di equitazione Alex Cavallaro","breadcrumb":{"@id":"https:\/\/www.alex-cavallaro-equilogic.com\/it\/corsi-coachings\/#breadcrumb"},"inLanguage":"de","potentialAction":[{"@type":"ReadAction","target":["https:\/\/www.alex-cavallaro-equilogic.com\/it\/corsi-coachings\/"]}]},{"@type":"ImageObject","inLanguage":"de","@id":"https:\/\/www.alex-cavallaro-equilogic.com\/it\/corsi-coachings\/#primaryimage","url":"http:\/\/www.alex-cavallaro-equilogic.com\/it\/wp-content\/uploads\/sites\/2\/2023\/02\/XT2A5283-bea-1-300x200.jpeg","contentUrl":"http:\/\/www.alex-cavallaro-equilogic.com\/it\/wp-content\/uploads\/sites\/2\/2023\/02\/XT2A5283-bea-1-300x200.jpeg"},{"@type":"BreadcrumbList","@id":"https:\/\/www.alex-cavallaro-equilogic.com\/it\/corsi-coachings\/#breadcrumb","itemListElement":[{"@type":"ListItem","position":1,"name":"Startseite","item":"https:\/\/www.alex-cavallaro-equilogic.com\/it\/"},{"@type":"ListItem","position":2,"name":"Corsi &#038; Coachings"}]},{"@type":"WebSite","@id":"https:\/\/www.alex-cavallaro-equilogic.com\/it\/#website","url":"https:\/\/www.alex-cavallaro-equilogic.com\/it\/","name":"Alex Cavallaro - IT","description":"","publisher":{"@id":"https:\/\/www.alex-cavallaro-equilogic.com\/it\/#\/schema\/person\/e0b9f953a08b84b8e6e6b843e697b975"},"potentialAction":[{"@type":"SearchAction","target":{"@type":"EntryPoint","urlTemplate":"https:\/\/www.alex-cavallaro-equilogic.com\/it\/?s={search_term_string}"},"query-input":{"@type":"PropertyValueSpecification","valueRequired":true,"valueName":"search_term_string"}}],"inLanguage":"de"},{"@type":["Person","Organization"],"@id":"https:\/\/www.alex-cavallaro-equilogic.com\/it\/#\/schema\/person\/e0b9f953a08b84b8e6e6b843e697b975","name":"andrea","image":{"@type":"ImageObject","inLanguage":"de","@id":"https:\/\/www.alex-cavallaro-equilogic.com\/it\/#\/schema\/person\/image\/","url":"https:\/\/www.alex-cavallaro-equilogic.com\/it\/wp-content\/uploads\/sites\/2\/2022\/11\/cropped-Alex-Logo-Fragezeichen6-neu.png","contentUrl":"https:\/\/www.alex-cavallaro-equilogic.com\/it\/wp-content\/uploads\/sites\/2\/2022\/11\/cropped-Alex-Logo-Fragezeichen6-neu.png","width":1794,"height":1794,"caption":"andrea"},"logo":{"@id":"https:\/\/www.alex-cavallaro-equilogic.com\/it\/#\/schema\/person\/image\/"},"sameAs":["http:\/\/www.alex-cavallaro-equilogic.com","https:\/\/www.facebook.com\/profile.php?id=100012309129337","https:\/\/www.instagram.com\/alex_cavallaro_1965\/"]}]}},"_links":{"self":[{"href":"https:\/\/www.alex-cavallaro-equilogic.com\/it\/wp-json\/wp\/v2\/pages\/214"}],"collection":[{"href":"https:\/\/www.alex-cavallaro-equilogic.com\/it\/wp-json\/wp\/v2\/pages"}],"about":[{"href":"https:\/\/www.alex-cavallaro-equilogic.com\/it\/wp-json\/wp\/v2\/types\/page"}],"author":[{"embeddable":true,"href":"https:\/\/www.alex-cavallaro-equilogic.com\/it\/wp-json\/wp\/v2\/users\/1"}],"replies":[{"embeddable":true,"href":"https:\/\/www.alex-cavallaro-equilogic.com\/it\/wp-json\/wp\/v2\/comments?post=214"}],"version-history":[{"count":52,"href":"https:\/\/www.alex-cavallaro-equilogic.com\/it\/wp-json\/wp\/v2\/pages\/214\/revisions"}],"predecessor-version":[{"id":310,"href":"https:\/\/www.alex-cavallaro-equilogic.com\/it\/wp-json\/wp\/v2\/pages\/214\/revisions\/310"}],"wp:attachment":[{"href":"https:\/\/www.alex-cavallaro-equilogic.com\/it\/wp-json\/wp\/v2\/media?parent=214"}],"curies":[{"name":"wp","href":"https:\/\/api.w.org\/{rel}","templated":true}]}}