{"id":161,"date":"2023-02-24T14:36:22","date_gmt":"2023-02-24T13:36:22","guid":{"rendered":"https:\/\/www.alex-cavallaro-equilogic.com\/it\/?page_id=161"},"modified":"2023-02-26T13:19:27","modified_gmt":"2023-02-26T12:19:27","slug":"la-mia-passione-con-equilogic","status":"publish","type":"page","link":"https:\/\/www.alex-cavallaro-equilogic.com\/it\/la-mia-passione-con-equilogic\/","title":{"rendered":"La mia passione con \u201cEQUILOGIC\u201d"},"content":{"rendered":"\t\t<div data-elementor-type=\"wp-page\" data-elementor-id=\"161\" class=\"elementor elementor-161\">\n\t\t\t\t\t\t<section class=\"elementor-section elementor-top-section elementor-element elementor-element-1d9c4062 elementor-section-boxed elementor-section-height-default elementor-section-height-default\" data-id=\"1d9c4062\" data-element_type=\"section\">\n\t\t\t\t\t\t<div class=\"elementor-container elementor-column-gap-default\">\n\t\t\t\t\t<div class=\"elementor-column elementor-col-100 elementor-top-column elementor-element elementor-element-f4a3dbb\" data-id=\"f4a3dbb\" data-element_type=\"column\">\n\t\t\t<div class=\"elementor-widget-wrap elementor-element-populated\">\n\t\t\t\t\t\t<div class=\"elementor-element elementor-element-17f117b5 elementor-widget elementor-widget-heading\" data-id=\"17f117b5\" data-element_type=\"widget\" data-widget_type=\"heading.default\">\n\t\t\t\t<div class=\"elementor-widget-container\">\n\t\t\t\t\t<h2 class=\"elementor-heading-title elementor-size-large\">La mia passione con \u201cEQUILOGIC<\/h2>\t\t\t\t<\/div>\n\t\t\t\t<\/div>\n\t\t\t\t\t<\/div>\n\t\t<\/div>\n\t\t\t\t\t<\/div>\n\t\t<\/section>\n\t\t\t\t<section class=\"elementor-section elementor-top-section elementor-element elementor-element-2f2169c8 elementor-section-boxed elementor-section-height-default elementor-section-height-default\" data-id=\"2f2169c8\" data-element_type=\"section\">\n\t\t\t\t\t\t<div class=\"elementor-container elementor-column-gap-default\">\n\t\t\t\t\t<div class=\"elementor-column elementor-col-50 elementor-top-column elementor-element elementor-element-4b651d85\" data-id=\"4b651d85\" data-element_type=\"column\">\n\t\t\t<div class=\"elementor-widget-wrap elementor-element-populated\">\n\t\t\t\t\t\t<div class=\"elementor-element elementor-element-6da65d2 elementor-widget elementor-widget-text-editor\" data-id=\"6da65d2\" data-element_type=\"widget\" data-widget_type=\"text-editor.default\">\n\t\t\t\t<div class=\"elementor-widget-container\">\n\t\t\t\t\t\t\t\t\t<p><strong><em>&#8222;La mia filosofia di addestramento \u201cEQUILOGIC\u201d\u00a0 mira a condividere tutte le mie esperienze che ho acquisito nel corso della mia carriera equestre con cavalieri ambiziosi e appassionati. Come addestratore e istruttore di equitazione inseguo l\u2019obiettivo di promuovere l\u2019addestramento classico del cavallo nel rispetto dei principi etologici per il lavoro in piano ma anche nel salto ostacoli.&#8220;<\/em><\/strong><\/p><p>Addestrare cavalli dalla doma fino all\u2019alta scuola \u00e8 un processo complesso che richiede dall\u2019addestratore conoscenze tecniche profonde e di alto livello.<\/p><p>Nei tempi odierni, le pratiche di addestramento spesso non tengono pi\u00f9 conto delle esigenze psico &#8211; fisiche del cavallo. Metodi coercitivi e mezzi costrittivi vengono riconosciuti come \u201ccorretti\u201d e sono diventati base fondamentale nel lavoro con gli allievi e con i cavalli. Spesso \u201cnon c\u2019\u00e8 tempo\u201d per farsi dei dubbi e le prassi applicate da una larga maggioranza giustificano i mezzi.<\/p><p>Parallelamente al rifiuto di tanti addestratori ed istruttori di ricercare metodi pi\u00f9 corretti e soluzioni pi\u00f9 efficaci si \u00e8 assistito negli ultimi decenni ad un decadimento dell\u2019arte equestre. Il reclamo di lavorare \u201cper il bene del cavallo\u201d ha fatto spazio a modi di operare che si prefissano l\u2019obiettivo\u00a0 di raggiungere risultati in minor tempo possibile. La famigerata \u201cRollkur\u201d, quindi montare i cavalli sistematicamente dietro alla verticale, \u00e8 solo una di tante forme che esprimono questo concetto.<\/p><p>Con queste premesse diventa impossibile lavorare con il cavallo in maniera etologico basandosi su una comunicazione che si fonde sul reciproco rispetto e fiducia. In tanti casi il risultato \u00e8 un confronto pi\u00f9 o meno costrittivo e violento.<\/p>\t\t\t\t\t\t\t\t<\/div>\n\t\t\t\t<\/div>\n\t\t\t\t\t<\/div>\n\t\t<\/div>\n\t\t\t\t<div class=\"elementor-column elementor-col-50 elementor-top-column elementor-element elementor-element-675a4b04\" data-id=\"675a4b04\" data-element_type=\"column\">\n\t\t\t<div class=\"elementor-widget-wrap elementor-element-populated\">\n\t\t\t\t\t\t<div class=\"elementor-element elementor-element-1b712e79 elementor-widget elementor-widget-image\" data-id=\"1b712e79\" data-element_type=\"widget\" data-widget_type=\"image.default\">\n\t\t\t\t<div class=\"elementor-widget-container\">\n\t\t\t\t\t\t\t\t\t\t\t\t\t\t\t<img fetchpriority=\"high\" decoding=\"async\" width=\"667\" height=\"1000\" src=\"https:\/\/www.alex-cavallaro-equilogic.com\/it\/wp-content\/uploads\/sites\/2\/2023\/02\/XT2A5386-1.jpeg\" class=\"attachment-medium_large size-medium_large wp-image-101\" alt=\"\" srcset=\"https:\/\/www.alex-cavallaro-equilogic.com\/it\/wp-content\/uploads\/sites\/2\/2023\/02\/XT2A5386-1.jpeg 667w, https:\/\/www.alex-cavallaro-equilogic.com\/it\/wp-content\/uploads\/sites\/2\/2023\/02\/XT2A5386-1-200x300.jpeg 200w\" sizes=\"(max-width: 667px) 100vw, 667px\" \/>\t\t\t\t\t\t\t\t\t\t\t\t\t\t\t<\/div>\n\t\t\t\t<\/div>\n\t\t\t\t\t<\/div>\n\t\t<\/div>\n\t\t\t\t\t<\/div>\n\t\t<\/section>\n\t\t\t\t<section class=\"elementor-section elementor-top-section elementor-element elementor-element-45ae3e35 elementor-section-boxed elementor-section-height-default elementor-section-height-default\" data-id=\"45ae3e35\" data-element_type=\"section\">\n\t\t\t\t\t\t<div class=\"elementor-container elementor-column-gap-default\">\n\t\t\t\t\t<div class=\"elementor-column elementor-col-50 elementor-top-column elementor-element elementor-element-78ab9dd1\" data-id=\"78ab9dd1\" data-element_type=\"column\">\n\t\t\t<div class=\"elementor-widget-wrap elementor-element-populated\">\n\t\t\t\t\t\t<div class=\"elementor-element elementor-element-64d49578 elementor-widget elementor-widget-image\" data-id=\"64d49578\" data-element_type=\"widget\" data-widget_type=\"image.default\">\n\t\t\t\t<div class=\"elementor-widget-container\">\n\t\t\t\t\t\t\t\t\t\t\t\t\t\t\t<img decoding=\"async\" width=\"1000\" height=\"667\" src=\"https:\/\/www.alex-cavallaro-equilogic.com\/it\/wp-content\/uploads\/sites\/2\/2023\/02\/XT2A4879-bea-1.jpeg\" class=\"attachment-large size-large wp-image-102\" alt=\"\" srcset=\"https:\/\/www.alex-cavallaro-equilogic.com\/it\/wp-content\/uploads\/sites\/2\/2023\/02\/XT2A4879-bea-1.jpeg 1000w, https:\/\/www.alex-cavallaro-equilogic.com\/it\/wp-content\/uploads\/sites\/2\/2023\/02\/XT2A4879-bea-1-300x200.jpeg 300w, https:\/\/www.alex-cavallaro-equilogic.com\/it\/wp-content\/uploads\/sites\/2\/2023\/02\/XT2A4879-bea-1-768x512.jpeg 768w\" sizes=\"(max-width: 1000px) 100vw, 1000px\" \/>\t\t\t\t\t\t\t\t\t\t\t\t\t\t\t<\/div>\n\t\t\t\t<\/div>\n\t\t\t\t\t<\/div>\n\t\t<\/div>\n\t\t\t\t<div class=\"elementor-column elementor-col-50 elementor-top-column elementor-element elementor-element-78dd2dec\" data-id=\"78dd2dec\" data-element_type=\"column\">\n\t\t\t<div class=\"elementor-widget-wrap elementor-element-populated\">\n\t\t\t\t\t\t<div class=\"elementor-element elementor-element-2828df35 elementor-widget elementor-widget-text-editor\" data-id=\"2828df35\" data-element_type=\"widget\" data-widget_type=\"text-editor.default\">\n\t\t\t\t<div class=\"elementor-widget-container\">\n\t\t\t\t\t\t\t\t\t<p>La filosofia di \u201cEQUILOGIC\u201d si orienta agli insegnamenti del noto maestro equestre Philippe Karl che a sua volta si \u00e8 ispirato ai vecchi maestri come Baucher o il generale L\u2019Hotte.<\/p><p>\u201cEQUILOGIC\u201d, o tradotto \u201cgiusto per il cavallo\u201d, insegue l\u2019obiettivo di dare un\u2019alternativa nell\u2019addestramento che come punto centrale rispetta\u00a0 le esigenza psicofisiche del cavallo. Questo obiettivo non si esprime solo attraverso un approccio rispettoso nei confronti del cavallo ma tiene conto delle regole di locomozione e di equilibrio e richiede dal cavaliere un uso degli aiuto in maniera intelligente e corretto.<\/p>\t\t\t\t\t\t\t\t<\/div>\n\t\t\t\t<\/div>\n\t\t\t\t\t<\/div>\n\t\t<\/div>\n\t\t\t\t\t<\/div>\n\t\t<\/section>\n\t\t\t\t<section class=\"elementor-section elementor-top-section elementor-element elementor-element-5b5d1b5d elementor-section-boxed elementor-section-height-default elementor-section-height-default\" data-id=\"5b5d1b5d\" data-element_type=\"section\">\n\t\t\t\t\t\t<div class=\"elementor-container elementor-column-gap-default\">\n\t\t\t\t\t<div class=\"elementor-column elementor-col-50 elementor-top-column elementor-element elementor-element-77d2df42\" data-id=\"77d2df42\" data-element_type=\"column\">\n\t\t\t<div class=\"elementor-widget-wrap elementor-element-populated\">\n\t\t\t\t\t\t<div class=\"elementor-element elementor-element-42c8e2c6 elementor-widget elementor-widget-text-editor\" data-id=\"42c8e2c6\" data-element_type=\"widget\" data-widget_type=\"text-editor.default\">\n\t\t\t\t<div class=\"elementor-widget-container\">\n\t\t\t\t\t\t\t\t\t<p class=\"Corpo\" style=\"text-align: justify;\"><span lang=\"IT\">I corsi con la filosofia dell\u2019addestramento classico-etologico \u201cEQUILOGIC\u201d non si rivolgono a soli professionisti ma anche ad appassionati amatori e si intendono come una valida alternativa nel lavoro in piano ma anche sul salto ostacoli. <\/span><\/p><p class=\"Corpo\" style=\"text-align: justify;\"><b><i><span lang=\"IT\">&#8222;Ogni cavallo ha le sue caratteristiche, come le ha anche l\u2019uomo. Non esistono schemi generalizzati, che si applicano a qualsiasi cavallo. Anche per questo motivo \u00e8 molto importante conoscere i punti di forza o di debolezza di ogni individuo per poter programmare il lavoro in maniera mirato e personalizzato. Solo una comunicazione armoniosa tra uomo e cavallo crea reciproca fiducia e porta al risultato desiderato.&#8220;<\/span><\/i><\/b><\/p>\t\t\t\t\t\t\t\t<\/div>\n\t\t\t\t<\/div>\n\t\t\t\t\t<\/div>\n\t\t<\/div>\n\t\t\t\t<div class=\"elementor-column elementor-col-50 elementor-top-column elementor-element elementor-element-127b1d49\" data-id=\"127b1d49\" data-element_type=\"column\">\n\t\t\t<div class=\"elementor-widget-wrap elementor-element-populated\">\n\t\t\t\t\t\t<div class=\"elementor-element elementor-element-2d93965e elementor-widget elementor-widget-image\" data-id=\"2d93965e\" data-element_type=\"widget\" data-widget_type=\"image.default\">\n\t\t\t\t<div class=\"elementor-widget-container\">\n\t\t\t\t\t\t\t\t\t\t\t\t\t\t\t<img decoding=\"async\" width=\"1000\" height=\"667\" src=\"https:\/\/www.alex-cavallaro-equilogic.com\/it\/wp-content\/uploads\/sites\/2\/2023\/02\/XT2A5321-1.jpeg\" class=\"attachment-large size-large wp-image-103\" alt=\"\" srcset=\"https:\/\/www.alex-cavallaro-equilogic.com\/it\/wp-content\/uploads\/sites\/2\/2023\/02\/XT2A5321-1.jpeg 1000w, https:\/\/www.alex-cavallaro-equilogic.com\/it\/wp-content\/uploads\/sites\/2\/2023\/02\/XT2A5321-1-300x200.jpeg 300w, https:\/\/www.alex-cavallaro-equilogic.com\/it\/wp-content\/uploads\/sites\/2\/2023\/02\/XT2A5321-1-768x512.jpeg 768w\" sizes=\"(max-width: 1000px) 100vw, 1000px\" \/>\t\t\t\t\t\t\t\t\t\t\t\t\t\t\t<\/div>\n\t\t\t\t<\/div>\n\t\t\t\t\t<\/div>\n\t\t<\/div>\n\t\t\t\t\t<\/div>\n\t\t<\/section>\n\t\t\t\t<\/div>\n\t\t","protected":false},"excerpt":{"rendered":"<p>La mia passione con \u201cEQUILOGIC &#8222;La mia filosofia di addestramento \u201cEQUILOGIC\u201d&nbsp; mira a condividere tutte le mie esperienze che ho acquisito nel corso della mia carriera equestre con cavalieri ambiziosi e appassionati. Come addestratore e istruttore di equitazione inseguo l\u2019obiettivo di promuovere l\u2019addestramento classico del cavallo nel rispetto dei principi etologici per il lavoro in [&hellip;]<\/p>\n","protected":false},"author":1,"featured_media":0,"parent":0,"menu_order":0,"comment_status":"closed","ping_status":"closed","template":"","meta":{"footnotes":""},"yoast_head":"<!-- This site is optimized with the Yoast SEO plugin v23.4 - https:\/\/yoast.com\/wordpress\/plugins\/seo\/ -->\n<title>La mia passione con \u201cEQUILOGIC\u201d - Alex Cavallaro - IT<\/title>\n<meta name=\"robots\" content=\"index, follow, max-snippet:-1, max-image-preview:large, max-video-preview:-1\" \/>\n<link rel=\"canonical\" href=\"https:\/\/www.alex-cavallaro-equilogic.com\/it\/la-mia-passione-con-equilogic\/\" \/>\n<meta property=\"og:locale\" content=\"de_DE\" \/>\n<meta property=\"og:type\" content=\"article\" \/>\n<meta property=\"og:title\" content=\"La mia passione con \u201cEQUILOGIC\u201d - Alex Cavallaro - IT\" \/>\n<meta property=\"og:description\" content=\"La mia passione con \u201cEQUILOGIC &#8222;La mia filosofia di addestramento \u201cEQUILOGIC\u201d&nbsp; mira a condividere tutte le mie esperienze che ho acquisito nel corso della mia carriera equestre con cavalieri ambiziosi e appassionati. Come addestratore e istruttore di equitazione inseguo l\u2019obiettivo di promuovere l\u2019addestramento classico del cavallo nel rispetto dei principi etologici per il lavoro in [&hellip;]\" \/>\n<meta property=\"og:url\" content=\"https:\/\/www.alex-cavallaro-equilogic.com\/it\/la-mia-passione-con-equilogic\/\" \/>\n<meta property=\"og:site_name\" content=\"Alex Cavallaro - IT\" \/>\n<meta property=\"article:publisher\" content=\"https:\/\/www.facebook.com\/profile.php?id=100012309129337\" \/>\n<meta property=\"article:modified_time\" content=\"2023-02-26T12:19:27+00:00\" \/>\n<meta property=\"og:image\" content=\"http:\/\/www.alex-cavallaro-equilogic.com\/it\/wp-content\/uploads\/sites\/2\/2023\/02\/XT2A5386-1.jpeg\" \/>\n<meta name=\"twitter:card\" content=\"summary_large_image\" \/>\n<meta name=\"twitter:label1\" content=\"Gesch\u00e4tzte Lesezeit\" \/>\n\t<meta name=\"twitter:data1\" content=\"2\u00a0Minuten\" \/>\n<script type=\"application\/ld+json\" class=\"yoast-schema-graph\">{\"@context\":\"https:\/\/schema.org\",\"@graph\":[{\"@type\":\"WebPage\",\"@id\":\"https:\/\/www.alex-cavallaro-equilogic.com\/it\/la-mia-passione-con-equilogic\/\",\"url\":\"https:\/\/www.alex-cavallaro-equilogic.com\/it\/la-mia-passione-con-equilogic\/\",\"name\":\"La mia passione con \u201cEQUILOGIC\u201d - Alex Cavallaro - IT\",\"isPartOf\":{\"@id\":\"https:\/\/www.alex-cavallaro-equilogic.com\/it\/#website\"},\"primaryImageOfPage\":{\"@id\":\"https:\/\/www.alex-cavallaro-equilogic.com\/it\/la-mia-passione-con-equilogic\/#primaryimage\"},\"image\":{\"@id\":\"https:\/\/www.alex-cavallaro-equilogic.com\/it\/la-mia-passione-con-equilogic\/#primaryimage\"},\"thumbnailUrl\":\"http:\/\/www.alex-cavallaro-equilogic.com\/it\/wp-content\/uploads\/sites\/2\/2023\/02\/XT2A5386-1.jpeg\",\"datePublished\":\"2023-02-24T13:36:22+00:00\",\"dateModified\":\"2023-02-26T12:19:27+00:00\",\"breadcrumb\":{\"@id\":\"https:\/\/www.alex-cavallaro-equilogic.com\/it\/la-mia-passione-con-equilogic\/#breadcrumb\"},\"inLanguage\":\"de\",\"potentialAction\":[{\"@type\":\"ReadAction\",\"target\":[\"https:\/\/www.alex-cavallaro-equilogic.com\/it\/la-mia-passione-con-equilogic\/\"]}]},{\"@type\":\"ImageObject\",\"inLanguage\":\"de\",\"@id\":\"https:\/\/www.alex-cavallaro-equilogic.com\/it\/la-mia-passione-con-equilogic\/#primaryimage\",\"url\":\"http:\/\/www.alex-cavallaro-equilogic.com\/it\/wp-content\/uploads\/sites\/2\/2023\/02\/XT2A5386-1.jpeg\",\"contentUrl\":\"http:\/\/www.alex-cavallaro-equilogic.com\/it\/wp-content\/uploads\/sites\/2\/2023\/02\/XT2A5386-1.jpeg\"},{\"@type\":\"BreadcrumbList\",\"@id\":\"https:\/\/www.alex-cavallaro-equilogic.com\/it\/la-mia-passione-con-equilogic\/#breadcrumb\",\"itemListElement\":[{\"@type\":\"ListItem\",\"position\":1,\"name\":\"Startseite\",\"item\":\"https:\/\/www.alex-cavallaro-equilogic.com\/it\/\"},{\"@type\":\"ListItem\",\"position\":2,\"name\":\"La mia passione con \u201cEQUILOGIC\u201d\"}]},{\"@type\":\"WebSite\",\"@id\":\"https:\/\/www.alex-cavallaro-equilogic.com\/it\/#website\",\"url\":\"https:\/\/www.alex-cavallaro-equilogic.com\/it\/\",\"name\":\"Alex Cavallaro - IT\",\"description\":\"\",\"publisher\":{\"@id\":\"https:\/\/www.alex-cavallaro-equilogic.com\/it\/#\/schema\/person\/e0b9f953a08b84b8e6e6b843e697b975\"},\"potentialAction\":[{\"@type\":\"SearchAction\",\"target\":{\"@type\":\"EntryPoint\",\"urlTemplate\":\"https:\/\/www.alex-cavallaro-equilogic.com\/it\/?s={search_term_string}\"},\"query-input\":{\"@type\":\"PropertyValueSpecification\",\"valueRequired\":true,\"valueName\":\"search_term_string\"}}],\"inLanguage\":\"de\"},{\"@type\":[\"Person\",\"Organization\"],\"@id\":\"https:\/\/www.alex-cavallaro-equilogic.com\/it\/#\/schema\/person\/e0b9f953a08b84b8e6e6b843e697b975\",\"name\":\"andrea\",\"image\":{\"@type\":\"ImageObject\",\"inLanguage\":\"de\",\"@id\":\"https:\/\/www.alex-cavallaro-equilogic.com\/it\/#\/schema\/person\/image\/\",\"url\":\"https:\/\/www.alex-cavallaro-equilogic.com\/it\/wp-content\/uploads\/sites\/2\/2022\/11\/cropped-Alex-Logo-Fragezeichen6-neu.png\",\"contentUrl\":\"https:\/\/www.alex-cavallaro-equilogic.com\/it\/wp-content\/uploads\/sites\/2\/2022\/11\/cropped-Alex-Logo-Fragezeichen6-neu.png\",\"width\":1794,\"height\":1794,\"caption\":\"andrea\"},\"logo\":{\"@id\":\"https:\/\/www.alex-cavallaro-equilogic.com\/it\/#\/schema\/person\/image\/\"},\"sameAs\":[\"http:\/\/www.alex-cavallaro-equilogic.com\",\"https:\/\/www.facebook.com\/profile.php?id=100012309129337\",\"https:\/\/www.instagram.com\/alex_cavallaro_1965\/\"]}]}<\/script>\n<!-- \/ Yoast SEO plugin. -->","yoast_head_json":{"title":"La mia passione con \u201cEQUILOGIC\u201d - Alex Cavallaro - IT","robots":{"index":"index","follow":"follow","max-snippet":"max-snippet:-1","max-image-preview":"max-image-preview:large","max-video-preview":"max-video-preview:-1"},"canonical":"https:\/\/www.alex-cavallaro-equilogic.com\/it\/la-mia-passione-con-equilogic\/","og_locale":"de_DE","og_type":"article","og_title":"La mia passione con \u201cEQUILOGIC\u201d - Alex Cavallaro - IT","og_description":"La mia passione con \u201cEQUILOGIC &#8222;La mia filosofia di addestramento \u201cEQUILOGIC\u201d&nbsp; mira a condividere tutte le mie esperienze che ho acquisito nel corso della mia carriera equestre con cavalieri ambiziosi e appassionati. Come addestratore e istruttore di equitazione inseguo l\u2019obiettivo di promuovere l\u2019addestramento classico del cavallo nel rispetto dei principi etologici per il lavoro in [&hellip;]","og_url":"https:\/\/www.alex-cavallaro-equilogic.com\/it\/la-mia-passione-con-equilogic\/","og_site_name":"Alex Cavallaro - IT","article_publisher":"https:\/\/www.facebook.com\/profile.php?id=100012309129337","article_modified_time":"2023-02-26T12:19:27+00:00","og_image":[{"url":"http:\/\/www.alex-cavallaro-equilogic.com\/it\/wp-content\/uploads\/sites\/2\/2023\/02\/XT2A5386-1.jpeg"}],"twitter_card":"summary_large_image","twitter_misc":{"Gesch\u00e4tzte Lesezeit":"2\u00a0Minuten"},"schema":{"@context":"https:\/\/schema.org","@graph":[{"@type":"WebPage","@id":"https:\/\/www.alex-cavallaro-equilogic.com\/it\/la-mia-passione-con-equilogic\/","url":"https:\/\/www.alex-cavallaro-equilogic.com\/it\/la-mia-passione-con-equilogic\/","name":"La mia passione con \u201cEQUILOGIC\u201d - Alex Cavallaro - IT","isPartOf":{"@id":"https:\/\/www.alex-cavallaro-equilogic.com\/it\/#website"},"primaryImageOfPage":{"@id":"https:\/\/www.alex-cavallaro-equilogic.com\/it\/la-mia-passione-con-equilogic\/#primaryimage"},"image":{"@id":"https:\/\/www.alex-cavallaro-equilogic.com\/it\/la-mia-passione-con-equilogic\/#primaryimage"},"thumbnailUrl":"http:\/\/www.alex-cavallaro-equilogic.com\/it\/wp-content\/uploads\/sites\/2\/2023\/02\/XT2A5386-1.jpeg","datePublished":"2023-02-24T13:36:22+00:00","dateModified":"2023-02-26T12:19:27+00:00","breadcrumb":{"@id":"https:\/\/www.alex-cavallaro-equilogic.com\/it\/la-mia-passione-con-equilogic\/#breadcrumb"},"inLanguage":"de","potentialAction":[{"@type":"ReadAction","target":["https:\/\/www.alex-cavallaro-equilogic.com\/it\/la-mia-passione-con-equilogic\/"]}]},{"@type":"ImageObject","inLanguage":"de","@id":"https:\/\/www.alex-cavallaro-equilogic.com\/it\/la-mia-passione-con-equilogic\/#primaryimage","url":"http:\/\/www.alex-cavallaro-equilogic.com\/it\/wp-content\/uploads\/sites\/2\/2023\/02\/XT2A5386-1.jpeg","contentUrl":"http:\/\/www.alex-cavallaro-equilogic.com\/it\/wp-content\/uploads\/sites\/2\/2023\/02\/XT2A5386-1.jpeg"},{"@type":"BreadcrumbList","@id":"https:\/\/www.alex-cavallaro-equilogic.com\/it\/la-mia-passione-con-equilogic\/#breadcrumb","itemListElement":[{"@type":"ListItem","position":1,"name":"Startseite","item":"https:\/\/www.alex-cavallaro-equilogic.com\/it\/"},{"@type":"ListItem","position":2,"name":"La mia passione con \u201cEQUILOGIC\u201d"}]},{"@type":"WebSite","@id":"https:\/\/www.alex-cavallaro-equilogic.com\/it\/#website","url":"https:\/\/www.alex-cavallaro-equilogic.com\/it\/","name":"Alex Cavallaro - IT","description":"","publisher":{"@id":"https:\/\/www.alex-cavallaro-equilogic.com\/it\/#\/schema\/person\/e0b9f953a08b84b8e6e6b843e697b975"},"potentialAction":[{"@type":"SearchAction","target":{"@type":"EntryPoint","urlTemplate":"https:\/\/www.alex-cavallaro-equilogic.com\/it\/?s={search_term_string}"},"query-input":{"@type":"PropertyValueSpecification","valueRequired":true,"valueName":"search_term_string"}}],"inLanguage":"de"},{"@type":["Person","Organization"],"@id":"https:\/\/www.alex-cavallaro-equilogic.com\/it\/#\/schema\/person\/e0b9f953a08b84b8e6e6b843e697b975","name":"andrea","image":{"@type":"ImageObject","inLanguage":"de","@id":"https:\/\/www.alex-cavallaro-equilogic.com\/it\/#\/schema\/person\/image\/","url":"https:\/\/www.alex-cavallaro-equilogic.com\/it\/wp-content\/uploads\/sites\/2\/2022\/11\/cropped-Alex-Logo-Fragezeichen6-neu.png","contentUrl":"https:\/\/www.alex-cavallaro-equilogic.com\/it\/wp-content\/uploads\/sites\/2\/2022\/11\/cropped-Alex-Logo-Fragezeichen6-neu.png","width":1794,"height":1794,"caption":"andrea"},"logo":{"@id":"https:\/\/www.alex-cavallaro-equilogic.com\/it\/#\/schema\/person\/image\/"},"sameAs":["http:\/\/www.alex-cavallaro-equilogic.com","https:\/\/www.facebook.com\/profile.php?id=100012309129337","https:\/\/www.instagram.com\/alex_cavallaro_1965\/"]}]}},"_links":{"self":[{"href":"https:\/\/www.alex-cavallaro-equilogic.com\/it\/wp-json\/wp\/v2\/pages\/161"}],"collection":[{"href":"https:\/\/www.alex-cavallaro-equilogic.com\/it\/wp-json\/wp\/v2\/pages"}],"about":[{"href":"https:\/\/www.alex-cavallaro-equilogic.com\/it\/wp-json\/wp\/v2\/types\/page"}],"author":[{"embeddable":true,"href":"https:\/\/www.alex-cavallaro-equilogic.com\/it\/wp-json\/wp\/v2\/users\/1"}],"replies":[{"embeddable":true,"href":"https:\/\/www.alex-cavallaro-equilogic.com\/it\/wp-json\/wp\/v2\/comments?post=161"}],"version-history":[{"count":11,"href":"https:\/\/www.alex-cavallaro-equilogic.com\/it\/wp-json\/wp\/v2\/pages\/161\/revisions"}],"predecessor-version":[{"id":186,"href":"https:\/\/www.alex-cavallaro-equilogic.com\/it\/wp-json\/wp\/v2\/pages\/161\/revisions\/186"}],"wp:attachment":[{"href":"https:\/\/www.alex-cavallaro-equilogic.com\/it\/wp-json\/wp\/v2\/media?parent=161"}],"curies":[{"name":"wp","href":"https:\/\/api.w.org\/{rel}","templated":true}]}}